{"id":16,"date":"2015-10-23T10:03:04","date_gmt":"2015-10-23T10:03:04","guid":{"rendered":"http:\/\/tina.com.hr\/?page_id=16"},"modified":"2025-02-14T15:21:56","modified_gmt":"2025-02-14T15:21:56","slug":"algoritmi","status":"publish","type":"page","link":"https:\/\/tina.com.hr\/?page_id=16","title":{"rendered":"Algoritmi"},"content":{"rendered":"<p><a href=\"http:\/\/tina.com.hr\/wp-content\/uploads\/2015\/10\/blocks.png\"><img loading=\"lazy\" decoding=\"async\" class=\"alignleft wp-image-138\" src=\"http:\/\/tina.com.hr\/wp-content\/uploads\/2015\/10\/blocks.png\" alt=\"blocks\" width=\"94\" height=\"75\" \/><\/a>Ovo je besplatno okru\u017eenje za pisanje programa u C\/C++-u: <a href=\"http:\/\/www.codeblocks.org\/downloads\/5\">Preuzimanje<br \/><\/a>Sve potrebne informacije o pode\u0161avanju programa mo\u017e<span style=\"font-size: revert;\">ete prona\u0107i <\/span><a style=\"font-size: revert;\" href=\"http:\/\/degiorgi.math.hr\/prog1\/codeblocks-instalacija\/\" target=\"_blank\" rel=\"noopener noreferrer\">ovdje<\/a><span style=\"font-size: revert;\">.<\/span><\/p>\n<p>Materijali i literatura za u\u010denje algoritama nalaze se ispod.<\/p>\n<hr \/>\n<p><b>Linkovi za algoritme i C++ (materijali za u\u010denje)<\/b><\/p>\n<ul>\n<li><a href=\"http:\/\/tina.com.hr\/wp-content\/uploads\/2025\/01\/Algoritmi-i-pseudokod.pdf\">Algoritmi i pseudokod- radna prezentacija<\/a><\/li>\n<li><a href=\"https:\/\/sites.google.com\/site\/sandasutalo\/o-autorima\" target=\"_blank\" rel=\"noopener noreferrer\">Osnove programiranja u C++-u<\/a>\u00a0 <span style=\"color: #800000;\">(ud\u017ebenik po kojem radimo C++)<\/span><\/li>\n<li><a href=\"http:\/\/tina.com.hr\/wp-content\/uploads\/2020\/05\/Strukture-prezentacija.pdf\">Strukture<\/a><\/li>\n<li><a href=\"http:\/\/tina.com.hr\/wp-content\/uploads\/2020\/05\/OOP-klase.pdf\">Objekti i klase<\/a><\/li>\n<\/ul>\n<p><strong>Korisni\u00a0 linkovi<\/strong><\/p>\n<ul>\n<li><a href=\"http:\/\/web1.ss-amkaramaneo-vis.skole.hr\/informatika\/Cpp_school\/Osnove%20programiranja%20u%20C++.htm\" target=\"_blank\" rel=\"noopener noreferrer\">Web-link (primjeri i zadaci, programiranje u c++-u)<\/a><\/li>\n<li><a href=\"http:\/\/www.bug.hr\/forum\/topic\/programiranje\/tutorial-c-programiranje\/59416.aspx\" target=\"_blank\" rel=\"noopener noreferrer\">C++ programiranje forum-turtorijal<\/a><\/li>\n<li><a href=\"http:\/\/tina.com.hr\/wp-content\/uploads\/2015\/11\/Osnovni-algoritamski-postupci.pdf\" target=\"_blank\" rel=\"noopener noreferrer\">Osnovni algoritamski postupci (DTP i pseudojezik)<\/a><\/li>\n<li><a href=\"http:\/\/www.znanje.org\/knjige\/computer\/cpp\/n\/cpp01.htm\" target=\"_blank\" rel=\"noopener noreferrer\">Programiranje u C++-u, rije\u0161eni zadaci<\/a><\/li>\n<li><a href=\"https:\/\/www.mojwebdizajn.net\/c-rijeseni-zadatci\/c-programiranje-zadatci-unos-i-ispis-1.aspx\">Primjeri rije\u0161enih zadataka<\/a><\/li>\n<\/ul>\n<hr \/>\n<p><span style=\"color: #003366;\"><strong>Skripte<\/strong><\/span><\/p>\n<ul>\n<li><a href=\"http:\/\/tina.com.hr\/wp-content\/uploads\/2015\/10\/Programiranje_u_C-.doc\" target=\"_blank\" rel=\"noopener noreferrer\">Programiranje u C++-u<\/a><\/li>\n<li><a href=\"http:\/\/tina.com.hr\/wp-content\/uploads\/2015\/10\/C_za_apsolutne_pocetnike.pdf\" target=\"_blank\" rel=\"noopener noreferrer\">Programiranje za apsolutne po\u010detnike<\/a><\/li>\n<\/ul>\n<hr \/>\n<p><strong>Video Turtorijal<\/strong><\/p>\n<p><iframe loading=\"lazy\" title=\"C++ Tutorial for Beginners - Full Course\" width=\"1170\" height=\"658\" src=\"https:\/\/www.youtube.com\/embed\/vLnPwxZdW4Y?feature=oembed\" frameborder=\"0\" allow=\"accelerometer; autoplay; clipboard-write; encrypted-media; gyroscope; picture-in-picture; web-share\" referrerpolicy=\"strict-origin-when-cross-origin\" allowfullscreen><\/iframe><\/p>\n<hr \/><hr \/>\n\n\n<p><\/p>\n","protected":false},"excerpt":{"rendered":"<p>Ovo je besplatno okru\u017eenje za pisanje programa u C\/C++-u: PreuzimanjeSve potrebne informacije o pode\u0161avanju programa mo\u017eete prona\u0107i ovdje. Materijali i literatura za u\u010denje algoritama nalaze se ispod. Linkovi za algoritme i C++ (materijali za u\u010denje) Algoritmi i pseudokod- radna prezentacija Osnove programiranja u C++-u\u00a0 (ud\u017ebenik po kojem radimo C++) Strukture Objekti i klase Korisni\u00a0 linkovi [&hellip;]<\/p>\n","protected":false},"author":1,"featured_media":0,"parent":0,"menu_order":1,"comment_status":"closed","ping_status":"closed","template":"","meta":{"footnotes":""},"_links":{"self":[{"href":"https:\/\/tina.com.hr\/index.php?rest_route=\/wp\/v2\/pages\/16"}],"collection":[{"href":"https:\/\/tina.com.hr\/index.php?rest_route=\/wp\/v2\/pages"}],"about":[{"href":"https:\/\/tina.com.hr\/index.php?rest_route=\/wp\/v2\/types\/page"}],"author":[{"embeddable":true,"href":"https:\/\/tina.com.hr\/index.php?rest_route=\/wp\/v2\/users\/1"}],"replies":[{"embeddable":true,"href":"https:\/\/tina.com.hr\/index.php?rest_route=%2Fwp%2Fv2%2Fcomments&post=16"}],"version-history":[{"count":57,"href":"https:\/\/tina.com.hr\/index.php?rest_route=\/wp\/v2\/pages\/16\/revisions"}],"predecessor-version":[{"id":1226,"href":"https:\/\/tina.com.hr\/index.php?rest_route=\/wp\/v2\/pages\/16\/revisions\/1226"}],"wp:attachment":[{"href":"https:\/\/tina.com.hr\/index.php?rest_route=%2Fwp%2Fv2%2Fmedia&parent=16"}],"curies":[{"name":"wp","href":"https:\/\/api.w.org\/{rel}","templated":true}]}}