{"id":19,"date":"2015-10-23T10:04:21","date_gmt":"2015-10-23T10:04:21","guid":{"rendered":"http:\/\/tina.com.hr\/?page_id=19"},"modified":"2025-02-14T15:18:56","modified_gmt":"2025-02-14T15:18:56","slug":"matura-i-natjecanja","status":"publish","type":"page","link":"https:\/\/tina.com.hr\/?page_id=19","title":{"rendered":"Baza podataka"},"content":{"rendered":"\n<p><strong>Nastavni sadr\u017eaji:<\/strong><\/p>\n\n\n\n<ul>\n<li><a href=\"http:\/\/tina.com.hr\/wp-content\/uploads\/2021\/04\/Baze-podataka.pdf\">Baze podataka &#8211; radna prezentacija<\/a><\/li>\n\n\n\n<li><a href=\"http:\/\/tina.com.hr\/wp-content\/uploads\/2021\/04\/Access-Vjezbe.pdf\">Baze podataka &#8211; vje\u017ebe<\/a><\/li>\n\n\n\n<li><a href=\"http:\/\/tina.com.hr\/wp-content\/uploads\/2021\/05\/objekti.pdf\">Objekti baze podataka<\/a><\/li>\n<\/ul>\n\n\n\n<p>Microsoft Support<br>&#8211; <a href=\"https:\/\/support.microsoft.com\/hr-hr\/office\/stvaranje-tablice-i-dodavanje-polja-8fdc65f9-8d40-4ff5-9212-80e6545e8d87\">Stvaranje tablice i dodavanje polja &#8211; Ms Access<\/a><br>&#8211; <a href=\"https:\/\/support.microsoft.com\/hr-hr\/office\/stvaranje-obrasca-u-programu-access-5d550a3d-92e1-4f38-9772-7e7e21e80c6b\">Stvaranje obrazaca u Ms Accessu<\/a><br>&#8211; <a href=\"https:\/\/support.microsoft.com\/hr-hr\/office\/uvod-u-upite-a9739a09-d3ff-4f36-8ac3-5760249fb65c\">Upiti &#8211; Ms Accesse<\/a><br>&#8211; <a href=\"https:\/\/support.microsoft.com\/hr-hr\/office\/uvod-u-izvje%C5%A1%C4%87a-programa-access-e0869f59-7536-4d19-8e05-7158dcd3681c\">Izvje\u0161\u0107a &#8211; Ms Access<\/a><br><\/p>\n\n\n\n<p>MS ACCESS &#8211; \u0160KOLSKA KNJIGA<\/p>\n\n\n\n<iframe loading=\"lazy\" width=\"560px\" height=\"300px\" src=\"https:\/\/sway.office.com\/s\/zzLbImu5SnYyHxXU\/embed\" frameborder=\"0\" marginheight=\"0\" marginwidth=\"0\" max-width=\"100%\" sandbox=\"allow-forms allow-modals allow-orientation-lock allow-popups allow-same-origin allow-scripts\" scrolling=\"no\" style=\"border: none; max-width: 100%; max-height: 100vh\" allowfullscreen=\"\" mozallowfullscreen=\"\" msallowfullscreen=\"\" webkitallowfullscreen=\"\"><\/iframe>\n\n\n\n<div class=\"wp-block-file\"><a id=\"wp-block-file--media-beca6f5d-5ebe-4936-9083-e362da03c552\" href=\"https:\/\/tina.com.hr\/wp-content\/uploads\/2021\/04\/baze-prirucnik-srce-1.pdf\">Baze-prirucnik-srce<\/a><a href=\"https:\/\/tina.com.hr\/wp-content\/uploads\/2021\/04\/baze-prirucnik-srce-1.pdf\" class=\"wp-block-file__button wp-element-button\" download aria-describedby=\"wp-block-file--media-beca6f5d-5ebe-4936-9083-e362da03c552\">Preuzmi<\/a><\/div>\n\n\n\n<div class=\"wp-block-file\"><a id=\"wp-block-file--media-2eefc22a-b481-40f6-804c-f46335e9cf49\" href=\"http:\/\/tina.com.hr\/wp-content\/uploads\/2020\/05\/prakitikum-baze-podataka-2.pdf\">RADNI PRAKTIKUMI<br>Praktikum 1 &#8211; Knji\u017enica<\/a><a href=\"http:\/\/tina.com.hr\/wp-content\/uploads\/2020\/05\/prakitikum-baze-podataka-2.pdf\" class=\"wp-block-file__button wp-element-button\" download aria-describedby=\"wp-block-file--media-2eefc22a-b481-40f6-804c-f46335e9cf49\">Preuzmi<\/a><\/div>\n\n\n\n<div class=\"wp-block-file\"><a id=\"wp-block-file--media-d4df6ea5-4b90-4ce2-b555-71ef2453112a\" href=\"http:\/\/tina.com.hr\/wp-content\/uploads\/2020\/05\/Videoteka-2.pdf\">Praktikum 2 -Videoteka<\/a><a href=\"http:\/\/tina.com.hr\/wp-content\/uploads\/2020\/05\/Videoteka-2.pdf\" class=\"wp-block-file__button wp-element-button\" download aria-describedby=\"wp-block-file--media-d4df6ea5-4b90-4ce2-b555-71ef2453112a\">Preuzmi<\/a><\/div>\n\n\n\n<p><strong>Vrednovanje<\/strong><br><\/p>\n\n\n\n<div class=\"wp-block-file\"><a id=\"wp-block-file--media-97448c35-0750-4302-b5fa-16a9fa19f5c0\" href=\"https:\/\/tina.com.hr\/wp-content\/uploads\/2021\/04\/nl_baza_podataka.pdf\">Provjerimo znanje &#8211; Baze podataka<\/a><a href=\"https:\/\/tina.com.hr\/wp-content\/uploads\/2021\/04\/nl_baza_podataka.pdf\" class=\"wp-block-file__button wp-element-button\" download aria-describedby=\"wp-block-file--media-97448c35-0750-4302-b5fa-16a9fa19f5c0\">Preuzmi<\/a><\/div>\n\n\n\n<div class=\"wp-block-file\"><a id=\"wp-block-file--media-5ac3078c-19de-4cf4-8471-dd2b58ee0910\" href=\"https:\/\/tina.com.hr\/wp-content\/uploads\/2021\/04\/nl_access.pdf\">Provjerimo znanje- Access<\/a><a href=\"https:\/\/tina.com.hr\/wp-content\/uploads\/2021\/04\/nl_access.pdf\" class=\"wp-block-file__button wp-element-button\" download aria-describedby=\"wp-block-file--media-5ac3078c-19de-4cf4-8471-dd2b58ee0910\">Preuzmi<\/a><\/div>\n","protected":false},"excerpt":{"rendered":"<p>Nastavni sadr\u017eaji: Microsoft Support&#8211; Stvaranje tablice i dodavanje polja &#8211; Ms Access&#8211; Stvaranje obrazaca u Ms Accessu&#8211; Upiti &#8211; Ms Accesse&#8211; Izvje\u0161\u0107a &#8211; Ms Access MS ACCESS &#8211; \u0160KOLSKA KNJIGA Vrednovanje<\/p>\n","protected":false},"author":1,"featured_media":0,"parent":0,"menu_order":2,"comment_status":"closed","ping_status":"closed","template":"","meta":{"footnotes":""},"_links":{"self":[{"href":"https:\/\/tina.com.hr\/index.php?rest_route=\/wp\/v2\/pages\/19"}],"collection":[{"href":"https:\/\/tina.com.hr\/index.php?rest_route=\/wp\/v2\/pages"}],"about":[{"href":"https:\/\/tina.com.hr\/index.php?rest_route=\/wp\/v2\/types\/page"}],"author":[{"embeddable":true,"href":"https:\/\/tina.com.hr\/index.php?rest_route=\/wp\/v2\/users\/1"}],"replies":[{"embeddable":true,"href":"https:\/\/tina.com.hr\/index.php?rest_route=%2Fwp%2Fv2%2Fcomments&post=19"}],"version-history":[{"count":66,"href":"https:\/\/tina.com.hr\/index.php?rest_route=\/wp\/v2\/pages\/19\/revisions"}],"predecessor-version":[{"id":1224,"href":"https:\/\/tina.com.hr\/index.php?rest_route=\/wp\/v2\/pages\/19\/revisions\/1224"}],"wp:attachment":[{"href":"https:\/\/tina.com.hr\/index.php?rest_route=%2Fwp%2Fv2%2Fmedia&parent=19"}],"curies":[{"name":"wp","href":"https:\/\/api.w.org\/{rel}","templated":true}]}}