{"id":246,"date":"2015-12-09T16:28:54","date_gmt":"2015-12-09T16:28:54","guid":{"rendered":"http:\/\/tina.com.hr\/?page_id=246"},"modified":"2025-06-02T09:00:02","modified_gmt":"2025-06-02T09:00:02","slug":"natjecanja","status":"publish","type":"page","link":"https:\/\/tina.com.hr\/?page_id=246","title":{"rendered":"Daroviti \/Natjecanja"},"content":{"rendered":"\n<figure class=\"wp-block-image size-large is-resized\"><img decoding=\"async\" src=\"data:image\/jpeg;base64,\/9j\/4AAQSkZJRgABAQAAAQABAAD\/2wCEAAoHCBIREhgRERUSGBgYERgYEhIRERESEhQaGBoaGRkYGBgcIS4lHB4rHxgYNDonKy8xNTU1GiQ7QDs0Py40NTEBDAwMEA8QHxISHjErJSE0NDU2NDQ0NDc0NDQ0NDQ0NDQ0NDQ0NDQ0NDQxNDQxNDQ0NDQ0NDQ0NDQ0NDQ0NDQ0NP\/AABEIAMcA\/gMBIgACEQEDEQH\/xAAcAAACAgMBAQAAAAAAAAAAAAAAAQMFAgQGBwj\/xABBEAACAQIDBAgDBgMHBAMAAAABAgADEQQFEiExQVEGFCIyYXGBkROxwQdCUmKSoXKC0RUjM1Oi4fBDY8LxJbLi\/8QAGgEAAwEBAQEAAAAAAAAAAAAAAAEDAgQFBv\/EACkRAAIBBAEDAwQDAQAAAAAAAAABAgMREjEhBDJBE1FhInGRoQWBsRT\/2gAMAwEAAhEDEQA\/APZZqY\/EaF2bzu8OZm3K3NN6+v0moq7MTbUW0V5LMbsSfMzMJM0WZhZ0nIRhI9ElCxhYhoi0x6ZMFj0xGiHRHpk2mPTMgQaYwknCw0wNEOiPRJdMdohkWmGmT6YaYDINMemTaYaYgIdMxdggLMQAN5Y2AkOOzFKewDU34RuHmZzePxD1LvVayjbY9lF\/5zlqdBz5fCOat1UYcLlmzmXSA7Vw4\/nYbP5V\/rOXxbFiXqtfm7ts\/fdNHMukdNLrQGtvxm4QeXFpUYXBY3MH\/ukept37Fpr6myj5zqThSX0nnv1a7+r8Gzi85ppsQajz3L\/UypxGZ1W3tpHJeyP6zvcq+zLc2Lq\/yUR83P0E67L+imBw9tFCmSNzuPiP53a8hPqGzpp9IeHU8LVqbUSo\/iqO\/wAhJGyrEjacPiB50an9J9Brh0GwKB5ACJsKp3bJL1fgv\/zL3PndWem33lbkbqfUGXOW5sGIStYcnGwfzcvOeu5jk9KqumtTpuObKCR5HeJ510l6DtRBrYTU6Da1M7XUc1P3h4b\/ADladazI1em4vss8sxL4d9dM3B7y\/dYf84zusDjBUQOh2HeDwPEEc55L0XzS5GHqHfspsef4D9PadxlldqL7b6G2OPqJWtCNSOS2R6erKjPB6Z3KPqAI4zOQ4TuiTTzWe2ndBK3NN6+R+kspW5pvXyP0jh3GKvaa6yQSNZIJ0nKZCMRRiZGOOAjiNDEICEQwjhCAxxxRxDCOR1KqoLsQPOV+IzTgmz8x\/pBRb0YlUjHbLGrWVBdj6cTK+vjS2wbB+85LN+l1CiSAxqv+FDcX5F9w9LyqTA5pmm8fAok\/euikeXeb5Sqio8s5pVZT4iW2ddMaGHulP+9fkp7Cn8zfQTmkwmZZu2qxFO91LXp4dfLix8ds7nI+geEw1nqD41QfeqDsD+FN3vedWqgCwAA4AbAInV9jUOm8yOMyT7PMLRs+IJrNyYWpDyXj6zsqdNUUKgCgDYqgADyAmd4STbezqjCMdI1sfjEoUnrVDZUQs3pwHiZyeE+0fCubVKdZPzWR1\/0m\/wC00PtOzY9jCJcA2eq1rA79CX48z6Tz0CVhTTjdnq9L0cZwvLye9ZfmlDErqoVEccdLbV\/iG8es3J8\/4XE1KTh6TsjjcyGx\/wBx4T0\/oh0wGKtQxFlrW7LDYlW2+w+63hx4TMoW0Z6j+PlTjlHlftHYkTSr0tO0bvlN2JhcWMmeaeTdO+jvwW63hxZS16irs0NfY4tuBO\/xl\/0YznreHDMe2nYqeJAFm9fnedNjcKrq1NwCrKQwPEGeVYItlmYNRcnQx0kncUY9h\/Q\/WXpyvwcdemk8l5PZspN6S+vzM3DNHJT\/AHK+Z+Zm9OaXcz0KXYhyuzTevr9JYytzTevr9IQ7hVe1muslWRLJROg5hiMRCO0Q0DrcWuR4jeJCXqJ3l1D8SDb6r\/STbfA\/tDXzU+m2IdiKljab7Fdb8QTZh5gzYU33TVxNGjU\/xFB5EqQw8jvErK+S0jtp1K6eCMHH+sNFwL6lov5g9dF7zKPNhOafJKh7mJc\/x0abH9iJCejOJY7cVUA5JQpL+5vHZe4nKft+zoKubUl3Esfyj6mU2Y9KUpjtPTQeLan9v9pGvQpH\/wAbEYlxxX4gQH9IEssD0SwNHalBCR9571D\/AKiY7xRlxqS27HJHpFVxDWwdCtXb\/MYFafuf9pPT6J4\/F7cbXFNDvo0dptyPD31T0BFAFgABwAFhMonN+BxoJb5KLJ+ieDwtjTphnH\/UqWd\/QkWHpaX0Ucw3csopaCEIQGEcUr86zEYenq2am2IPHn5CC5dgbSV2blfDpUXS6I6\/hdQw9jOVznoFhqwLUP7luAXbSPmnD0nTYC\/wkubkopJO8ki5M1s0zvDYXSK9RULHsrtZt9r6RtA2790FdPgvQq1ItODZ45m+TV8G\/wAOutr9xxtRhzU\/TfNJGKkMpIKkFWGwgg3BHiDPdsbg6OLpFKiq6OoI23G3cysNx8RPNMX0OehXKu16W9GHeYfhPIjjKxnfZ9B0f8hTnFqrw1+zveimb9cwy1D3x2ag\/MvEeB2H1lzOV6NoE1UlFlZDYDZYj\/hlzlGNNRSjntobN+YcGk2ttHz3VOMazSVk+UbeIS4vxE88+0nK9dJcSo7SHS+zaUY7PZvmZ6SZTZphFqI9J+66lT5EQi7O5CccotC6AYs1supO2\/tKx5lXZb\/tOjM5j7O6DU8vSm\/eSrWVvMVXE6cycu5laXahytzTevkfpLKVua718j9IQ7hVO011kokKSUToOYyEyEQjEQ0MRwEcyNBC0BHA0OEBHEMIQjgMIQhEA4RRwAIQjgApwHTbFMah5INK\/X\/nhO\/J2ek4HpfTvQ+JzZST5j+spSXNyNaWkdFmWcLhMCuIsCfhKKanczMo0jy+gM8ooYfEZhiLAl6jm7Mx2KOJJ+6o\/wBp1ubo2Ny7CBGA0g6gbkFqa6Nv7+86DoPkfVcPrcD4lTa5G2ygnQoPK23zME8U35Pb6adKj0ua5k+LFl0cyjqdBaJqM9tpLHsqTvVB91fDxm5j8KKqFDv3qeRG6NsWgNr\/ANJOpB2iTd9s8x1HKWV+Tncsp6ag8NV\/0mauXVytdWXcTpbyP\/BLLMHFEVqv4UYjzbYP3MpejvbQueFTZ6C\/1EtDmLZLq5XnF+x2hmljV2Xm2huoPMA+4kddbgiRNozymmFp7OLMx8yds3pqZb\/hjzPzM25N7LLQpX5lvXyP0lhK\/Mt6+R+kcO4zPtNdBJQsjSTCXuc1jG0czELRXHYxEYjCzILFc0kYxzLTDTFcdhRiZBY9MLhYxhHaO0Vx2FCZWitALChHaFoAKEdoWgOwmnKY3CfHoVcMe8pYL6G6n5TrLSlzWiUcV13bA\/0M3TfNjn6hNJSXjf2OG6I4klXwb3Do5qIp37tNRP2B9DPSmP8Addj8AtbynD9I8hdnXH4LZVQhmRfvW4jmeY4idD0Wz+ljKdl7FRNlWgdhU8So36SfbdHNc3RSE8o2uWVEJo4bplgG7J5ajbyjfCITex8gdkrOkefUcupansXYWo0V7ztw2fhvvMy3fheQUbcvwUnTzMwqrhUPbqMHcDeFB7A9T8pZZbhTQw6Uz327w8W3\/T2lB0ayirUqNmOP77tqp0z93kSOAAtYcLbZ2GApGo\/xG7q93xPOW4jG3t\/pzzk5ystv\/CzAsAOQmDyUyJ5znWbGDWy+p+c2JBhe6JPJvZZaFNDMd6+v0m\/NDMd6+R+kcNmZ6IEkwkKSYSxzjEcQhEaRmoldntdkRQrFSz2upsbAEnb52lksoc8rBsVQojfbURyDMAD\/AKW9oQV5IxWljTdtvj9lnXx9Ogqo7MW0jYAWc+J5eshXPaPEVB4lDYe01MDUWtjq17EIAoBsbWCj56pl0srrSpooA1PWCrYC\/dY\/Qe8agnJRe2ZdSeLkrWXH3NzOsWyIoptZnawYAEhQLkgHju95jllRQj1GqVCBYM1YFQLbyo9Zo5lWBxuHw422TWfAX\/8AwZN0yxgo4YDZd6qqAeNruf8A6QUbpRW2GUrym9RWv6NkZ5RO5apHMU2sZtYLHU619Oq43hlKmZ4VkWmvaWwQXOoW3bTecxkuaXo4zGG1lFRkPCy62X9tMzirN20bUppxTad\/g3OjOKeq+JqO7FRVIQM3YVQzEW4Ds2ljgc5o13ZaWtgt9VUIfhbOTnf6TynDYnEU8Dh6+Iap1KpWY4k0DpqE30DWeKHSLDz4kT0vM8dRoZXVxGFK\/DXCO1Jk7p7BCn3tJXOmxv5VmVPFIXpa9IbTd1K3NgdnuIsRmdOnXTDtq1uLqFUlQNu1jw7p9pQfZ9mOHXL6eqtSDEuXDVEDA6iLEE33ATRyvMkxmfVPhMHSjhbalOpL7BvGzfUf2PKFwxOkx\/SDD0KnwmLswF2SkjVCt9ovbcfCQp0owxYKwrJqNg1Skyr6mUn2f4zrGJx2IZhbrJRCSOBYm38uiSdN8wV8VgsGjKzVK5LqCCQvZG23gW9o7hZHZGYOoIIO0EWIPGSNMJpE2VRpfBbT90nsk8PymVWc9HKeIYV6TNRxC7Ur09hvycbmHnOkxNAVEKtxG\/iDwI8pQ5TmJDNRrd5GK35kS0W5K\/lHJNKnJLw\/0ULdJM2VupNh6bYgjsYi5FNl3aylrfvbwm\/lfRsU36zimNfEHvVX3L4Iu5QPCdetNSNVhu322yuzHEBOyveYgD13RRavZI1Uuo3bIUpGq+ncq94\/QeMuaaBQFUWAGwSLC0RTQKP5jzPEyaZnLL7G6VNRV3tgZE0kMjeZKm1he6PX5yeQYXuj1+cnknsstGM5Pplm9TCvS0BWDK+oMDwK7iN2+dZPOftTx3wamHuuoMtS+2xFim73lqGOay0c\/VOSpPHZZZb0novse9NvzbU\/Vw9bToqbgi4IIO4g3B9Z5HgsdRq7A1m\/C3ZPpwMvcvxlagewxtxRtqH04ek7p9OpK8GeZDrJRdqiPQ4Sny3PUqWV+w3InsnyPD1lvOOUZRdmjvhUjNXiyQGab5VRbEDEspNRVCq2prADVbs3t95vebIMzBmfsVsns18FltGg7vTWzVG1OxZm1G5PE7NrHdHjcupV2R6q6jTYsnaYAE222B27hvmxeMGLm978jtG1rcGr\/ZdHrHWtJ+JoCatTW0i9gFvbifeS4\/BU66aKqhhe9jcWI4gjaDJoXi53fQ7R5VtnPHoNlpOo0FJvtJZ9v7y0qZPh2w7YTQBSdCjIpZbq2\/tA39Zu3jvHKUnttgoxXKRqYTKqFLDDCIg+CKZQU2u4Km9wS207zvmplPRvCYWg+FpIfgvfXSqO9VDqFmADE2BG8CW94XmLG8jj6n2YZOxJ6uRfgK9cAeQ1S1w+T4bLMLW6lQ0WpM9qYapUdlU6Rcksx5CXd4XhYMjy3oF9n2Er4Fa2Y4dzWapUJFRq9JgoYhQVBFtxO7jO0ybodl2Bf4uGw6o9iA5ao7AHYdJYm3pL68LwSByEYo4powKcT0hYUsdcffpqx8xdfkBO3nmXT3GAY9FB7tBdXgWZj8vnK0XaRGurxO9w1e9HV+UH3E5PK8e1bHpSbbYM9\/4Rs\/ciXGArXwniaS\/us4nofiv\/AJVL\/eSoo8yt\/wDxm2sVIhBqbXwesRRxSB2AZFUkhEieMDcwndHr85NIcJ3R6\/OTST2WWgnI9N+jSY80yzujIHClQpU6tN7g+QnXSuzTevkfpNQ7jFVJxaZ47mXQbGUbtTC1VH+XsqeqH6EytwubYjDN8NwxA306oIYeV9ontlOauZZRh8UumvTR9mwkWceTDaJ1Rm4s8+VCMkcJlubUMRZQdDfhewJ\/hPGdNgcwqUuye0v4WO0eRnOZz9nTC74N9Q4Uqmxv5X4+vvKnBZ9i8A\/wsVTZlH3Kq2cfwPbtD3lvVjNWkrnK6E6csoux61hcYlQXU7eKnYw9Jsicpk2dYbE9qiyhwNqEBXX04jxEv6OM4N7zmlD2O2nXvxLZuxzBWB2iZXkzpTMo5jHEMccUIDHGIoRAOEUIDHFCEBBNXG46nRALta5sqgamY8lUbTNljYX8JxGRYr4mMNWue0wYUy3dQ8FHLZcTcYZJv2JzqKLS9zqTiqmk1GRaaKpYtVN3AAuSVXYNn5p4vj8Y+Mxb1eL1Ozw7Isq7L7OyBPUunGBxeIw3wsJoOpv71S2hmUfdUnZtNr3PCeW5dlWJw9S9ejVRr2UMjW89Q2H0l+lgpSOfq5yUHbwegYPEaabLfYoUe089x9ZsLi1qJsanVDr42IIHkR852mHGhdJNye9OV6QZViKzgUaVR2GzsIxDDgb7hOyrTWLaPG6GvJ1bHqtLMqpppXRFq02QODRJWpY7e417+jcJtZdmlHEA\/Da5HeRhpdfNTOf+z7LsZhaDU8WEVL6qSawzpfa4NtgF\/HnKvOaoXFNWw7BbMLFdzMB2rcwT7zzowybSPenVUUm\/J6CZFUjouWRWIsSoJHIkA2iqTBY28J3R6\/OTyDCd0evzk8k9lkKVua719fpLKVua718j9I4dxmp2muhkokKSYToOa5lNfG4GlXTRWRHXk6g28Ryk8cQzgc3+zyx+JgahRgbhHY2B\/I42j1vK6j0hxmBYUsfSdhuDkAOfJu6\/znqMjr0UqKUdVdTvVwGB9DGptEpUYvXBz2U59SrDVQcH8SHYw81MvKGYI2xuyf2nLZn9n+Hc\/EwrvQcbRpJZL+RN19DKxxmuC2VqXWUH\/UpdpwPQX9x6xvGRNepT1o9IBmV5wWWdLqLHSHKNfalYaNvLbsnTYfOUI7Q\/mU6gZlwZaNdPfBb3jkFLFI\/dZT4XsfaTTDRZNPRlCKEQxwiLAb\/3kBxQOxAXP5e6PNt0AubMJHT1W7Vr8lvYeHjM4AE5zNuj2ti9EgEm7I2xSeJU8J0cwZwJqEpRd0Tq0o1I2kcgmYYzDdlwSBuFVSw9HB+pm9R6UKdj0z5qwYexl2XJ\/wBtsgfAI\/eRD5qstnB90fwzj9GtHiE+PlXNH+38Pv0Nf+ETXr9JwNiU\/V2Cj2Esv7Go\/wCWn6ZmuARO6iDyVY8qPs3\/AGZ9LqfdL7I5mri8XijYatP4KSlUI\/Mx3+9pYZZ0cswevbZtWmu0X\/MeMuxUYbD7EWkyVAdm48opVXa0UkvgpT6ZZZVG2\/kzMiqSQyKpInabuE7o9fnJpBg+6PX5yeRey60ErM13r5H6SzMrM2+6fP6Rw7jNTtZrJJRIEaShp0nKSCOR6ow0QEkcjvHqiNEl47yPVDVFYDUzDJsLiRatRpv+YoNY8mG2UNToNSU3wtfEUTwUPrT9LTqtUeuF2hOMZbRxrZBmKdyvQqD\/ALlJkb3UzNEzNPu0vTEOB7FZ2GqGqPJmfSj4ObpVczOw\/BH8VYn\/AMJu08LjG7+IprzCIXPoSR8pbFVPAe0WheQmWzSgvd\/k1aWWINtR3qH\/ALj3X9IsPe83lZFFhYcgv9BMAi8hMgQN1oiiSWjMPyB9dkcw1zLVAY5Gq3O2O8LwExsbcJjrMC0LwBjuecwZiJleYkxisZK2reJCyWPykoa0V4IGjO8iczIvInaAFhg+6PM\/OTzXwR7A9fnNiRezoWjUxrsBslPUxFQ7CLidEyg75A+HXlBAyhWr4N7SQVxyb2lwMMvKPqy8pTNkvTiU\/WByb2h1kcm9pcdWXkIdWXkIs2HpxKfrI5N7Q6yOTe0uOrLyEOqryHtDNj9OJUdZHJvaHWRyb2lv1ZeQh1ZeUM2Hpoqesjk3tDrQ5N+mW3Vl5R9WXlFkwwRUdZHJvaPrQ5N7S26svKHVl5QyY8EVXWl5N+mHWl5N+mWvV15Q6svIQyYYIqutLyb9MfW15N+mWfV15CHV15CGTHiis60vJv0w62vJv0y06svKHVl5CGTDFFX1peTfph1scm\/TLTqy8odWXkIZMMUVfWl5N+mLrQ5N+mWvVl5Q6svKGTDFFV1peTfpi60OTfplt1ZeUOrLyhkxYIqetDk36YdaHJv0y26svKHVl5QyYYIqDihyb2mD4jkCfMWEuerLyh1ZeUMmPFFTQxVS4FpdUGJG2JaC8pMBaYNjmLTKIwAwjjtC0YhQmUIAYwmUIAYxwJmJflADKInnMSCeNvKIUx\/7gAzUXnF8QePtMwsdoAR\/E8\/YzIMOf0mdotMAACFoaY4AKOEIAEUcLQAVoRwgAoplCACimUVoAForTKEAARxCOIYRQhAAhCEACEIQAcRhCAGOmZWhCABHCEACEIQAUcIQAIQhAAhCEACEIQAUIQgAo4QgII4QgMIoQgA4QhAD\/9k=\" alt=\"\" style=\"width:226px;height:176px\"\/><\/figure>\n\n\n<p>Dragi natjecatelji, posjetite stranice <a href=\"https:\/\/informatika.azoo.hr\/\">INFOKUPA.<\/a><br \/>Za po\u010detak pro\u010ditajte<br \/><a href=\"https:\/\/www.azoo.hr\/app\/uploads\/2024\/12\/Posebna-pravila-iz-informatike-2025.pdf\">SLU\u017dBENE PROPOZICIJE I PRAVILA NATJECANJA I OPSEG ZNANJA-INFOKUP\u00a0 2025.<\/a><br \/>i pratite sve novosti na tim stranicama. Za pripremu rje\u0161avat \u0107emo testove i zadatke sa donjih linkova, a sve nejasno\u0107e prolazit \u0107emo u na\u0161im grupama. \ud83d\ude42<\/p>\n<hr \/>\n<p><a href=\"https:\/\/www.ncvvo.hr\/kategorija\/drzavna-matura\/provedeni-ispiti\/\">INFORMATIKA NA DR\u017dAVNOJ MATURI-zadaci s natjecanja i dr\u017eavne mature<\/a> (ovdje pogledjte link lijevo zadaci s natjecanja INFOKUP i dosada\u0161nji ispiti dr\u017eavne mature)<\/p>\n<h3 style=\"text-align: left;\"><a href=\"http:\/\/hsin.hr\/natjecanja.html\" target=\"_blank\" rel=\"noopener noreferrer\">TESTOVI- NATJECANJA-OSNOVE INFORMATIKE (od 2008-2009-\u0161kolsko, \u017eupanijsko, dr\u017eavno)<\/a><\/h3>\n<h3 style=\"text-align: left;\"><a href=\"https:\/\/informatika.azoo.hr\/natjecanje\/dogadjaj\/448\/rezultati\">TESTOVI- NATJECANJA-OSNOVE INFORMATIKE (od 2011,-2023, -\u0161kolsko, \u017eupanijsko, dr\u017eavno)<\/a><\/h3>\n<hr \/>\n<h4><strong>Istra\u017eivanja\u00a0<\/strong><\/h4>\n<p>Istra\u017eivanje &#8211; Analiza Infokupa na \u017eupanijskoj razini<\/p>\n<ul>\n<li><a href=\"http:\/\/tina.com.hr\/wp-content\/uploads\/2023\/06\/izvjesce_infokup_2023.pdf\">INFOKUP 2023.\u00a0<\/a><\/li>\n<li><a href=\"http:\/\/tina.com.hr\/wp-content\/uploads\/2024\/06\/analiza_infokup_2024.pdf\">INFOKUP 2024.<\/a><\/li>\n<li><a href=\"http:\/\/tina.com.hr\/wp-content\/uploads\/2025\/06\/analiza-infokup-2025.pdf\">INFOKUP 2025.\u00a0<\/a><\/li>\n<\/ul>\n<hr \/>\n<h2 style=\"text-align: left;\"><strong>Dabar<\/strong><\/h2>\n<p>Sve o Dabru, kao i primjere zadataka mo\u017eete prona\u0107i u <a href=\"https:\/\/loomen.carnet.hr\/course\/view.php?id=9838\">virtualnoj u\u010dionici.<\/a><\/p>\n\n\n<figure class=\"wp-block-image size-large\"><img decoding=\"async\" src=\"https:\/\/ucitelji.hr\/wp-content\/uploads\/2021\/09\/MicrosoftTeams-image.jpg\" alt=\"\"\/><\/figure>\n\n\n\n<p><\/p>\n","protected":false},"excerpt":{"rendered":"<p>Dragi natjecatelji, posjetite stranice INFOKUPA.Za po\u010detak pro\u010ditajteSLU\u017dBENE PROPOZICIJE I PRAVILA NATJECANJA I OPSEG ZNANJA-INFOKUP\u00a0 2025.i pratite sve novosti na tim stranicama. Za pripremu rje\u0161avat \u0107emo testove i zadatke sa donjih linkova, a sve nejasno\u0107e prolazit \u0107emo u na\u0161im grupama. \ud83d\ude42 INFORMATIKA NA DR\u017dAVNOJ MATURI-zadaci s natjecanja i dr\u017eavne mature (ovdje pogledjte link lijevo zadaci s [&hellip;]<\/p>\n","protected":false},"author":1,"featured_media":0,"parent":0,"menu_order":6,"comment_status":"closed","ping_status":"closed","template":"","meta":{"footnotes":""},"_links":{"self":[{"href":"https:\/\/tina.com.hr\/index.php?rest_route=\/wp\/v2\/pages\/246"}],"collection":[{"href":"https:\/\/tina.com.hr\/index.php?rest_route=\/wp\/v2\/pages"}],"about":[{"href":"https:\/\/tina.com.hr\/index.php?rest_route=\/wp\/v2\/types\/page"}],"author":[{"embeddable":true,"href":"https:\/\/tina.com.hr\/index.php?rest_route=\/wp\/v2\/users\/1"}],"replies":[{"embeddable":true,"href":"https:\/\/tina.com.hr\/index.php?rest_route=%2Fwp%2Fv2%2Fcomments&post=246"}],"version-history":[{"count":41,"href":"https:\/\/tina.com.hr\/index.php?rest_route=\/wp\/v2\/pages\/246\/revisions"}],"predecessor-version":[{"id":1245,"href":"https:\/\/tina.com.hr\/index.php?rest_route=\/wp\/v2\/pages\/246\/revisions\/1245"}],"wp:attachment":[{"href":"https:\/\/tina.com.hr\/index.php?rest_route=%2Fwp%2Fv2%2Fmedia&parent=246"}],"curies":[{"name":"wp","href":"https:\/\/api.w.org\/{rel}","templated":true}]}}