{"id":388,"date":"2017-02-11T13:05:18","date_gmt":"2017-02-11T13:05:18","guid":{"rendered":"http:\/\/tina.com.hr\/?page_id=388"},"modified":"2026-03-16T10:23:49","modified_gmt":"2026-03-16T10:23:49","slug":"projekti","status":"publish","type":"page","link":"https:\/\/tina.com.hr\/?page_id=388","title":{"rendered":"Projekti"},"content":{"rendered":"<p><img decoding=\"async\" src=\"http:\/\/tina.com.hr\/wp-content\/uploads\/2019\/07\/kick_off-630x230.png\" \/><\/p>\n<p data-start=\"0\" data-end=\"115\">Sve radove \u0107ete predati do <strong data-start=\"27\" data-end=\"44\">31. 05. 2026.<\/strong> u mape svog razreda na <strong data-start=\"68\" data-end=\"84\">Google disku<\/strong>. Link predajte u <strong data-start=\"102\" data-end=\"112\">Loomen<\/strong>.<\/p>\n<p data-start=\"117\" data-end=\"241\">Nakon predaje, svaki tim \u0107e dobiti jedan rad na evaluaciju na forumu, prema kriterijima navedenima na evaluacijskom listu.<\/p>\n<p data-start=\"243\" data-end=\"276\" data-is-last-node=\"\">Raspored \u0107emo dogovoriti na satu. \ud83d\ude42<\/p>\n<ul>\n<li><a href=\"http:\/\/tina.com.hr\/wp-content\/uploads\/2021\/04\/upute-izrada-baze.pdf\">Projektni zadatak\u00a0 Izrada Baze podataka<\/a><\/li>\n<li><a href=\"http:\/\/tina.com.hr\/wp-content\/uploads\/2021\/04\/Opis-aktivnosti-web-stranica.pdf\">Projektni zadatak &#8211; web stranica turisti\u010dkog objekta<\/a><\/li>\n<\/ul>\n<hr \/>\n<h4><strong>Eval<\/strong><strong>uacijski list<\/strong><\/h4>\n<h6><strong>Bodovni prag (%)<\/strong><br \/>0-50 \u2013 nedovoljan<br \/>50-63 \u2013 dovoljan<br \/>64-75 -dobar<br \/>75-89 -vrlo dobar<br \/>89-100 \u2013 odli\u010dan<\/h6>\n<p>Prezentacija IS-a ugostiteljskog objekta<\/p>\n<hr \/>\n\n\n<p><strong>Dokumenti za preuzimanje:<\/strong><\/p>\n\n\n\n<div class=\"wp-block-file\"><a id=\"wp-block-file--media-4a446610-0032-4ebf-9e46-1deed6a3472d\" href=\"https:\/\/tina.com.hr\/wp-content\/uploads\/2021\/04\/project_is_3b-2-3-1.docx\">Projektni zadatak &#8211; IS ugostiteljskog objekta<\/a><a href=\"https:\/\/tina.com.hr\/wp-content\/uploads\/2021\/04\/project_is_3b-2-3-1.docx\" class=\"wp-block-file__button wp-element-button\" download aria-describedby=\"wp-block-file--media-4a446610-0032-4ebf-9e46-1deed6a3472d\">Preuzmi<\/a><\/div>\n\n\n\n<div class=\"wp-block-file\"><a id=\"wp-block-file--media-a38bc229-8e12-4bac-9fd4-723d6efcf187\" href=\"https:\/\/tina.com.hr\/wp-content\/uploads\/2021\/04\/Opis-aktivnosti_IS-1-1.docx\">Opis aktivnosti, ishodi i me\u0111upredmetne teme<\/a><a href=\"https:\/\/tina.com.hr\/wp-content\/uploads\/2021\/04\/Opis-aktivnosti_IS-1-1.docx\" class=\"wp-block-file__button wp-element-button\" download aria-describedby=\"wp-block-file--media-a38bc229-8e12-4bac-9fd4-723d6efcf187\">Preuzmi<\/a><\/div>\n","protected":false},"excerpt":{"rendered":"<p>Sve radove \u0107ete predati do 31. 05. 2026. u mape svog razreda na Google disku. Link predajte u Loomen. Nakon predaje, svaki tim \u0107e dobiti jedan rad na evaluaciju na forumu, prema kriterijima navedenima na evaluacijskom listu. Raspored \u0107emo dogovoriti na satu. \ud83d\ude42 Projektni zadatak\u00a0 Izrada Baze podataka Projektni zadatak &#8211; web stranica turisti\u010dkog objekta [&hellip;]<\/p>\n","protected":false},"author":1,"featured_media":0,"parent":0,"menu_order":5,"comment_status":"closed","ping_status":"closed","template":"","meta":{"footnotes":""},"_links":{"self":[{"href":"https:\/\/tina.com.hr\/index.php?rest_route=\/wp\/v2\/pages\/388"}],"collection":[{"href":"https:\/\/tina.com.hr\/index.php?rest_route=\/wp\/v2\/pages"}],"about":[{"href":"https:\/\/tina.com.hr\/index.php?rest_route=\/wp\/v2\/types\/page"}],"author":[{"embeddable":true,"href":"https:\/\/tina.com.hr\/index.php?rest_route=\/wp\/v2\/users\/1"}],"replies":[{"embeddable":true,"href":"https:\/\/tina.com.hr\/index.php?rest_route=%2Fwp%2Fv2%2Fcomments&post=388"}],"version-history":[{"count":32,"href":"https:\/\/tina.com.hr\/index.php?rest_route=\/wp\/v2\/pages\/388\/revisions"}],"predecessor-version":[{"id":1273,"href":"https:\/\/tina.com.hr\/index.php?rest_route=\/wp\/v2\/pages\/388\/revisions\/1273"}],"wp:attachment":[{"href":"https:\/\/tina.com.hr\/index.php?rest_route=%2Fwp%2Fv2%2Fmedia&parent=388"}],"curies":[{"name":"wp","href":"https:\/\/api.w.org\/{rel}","templated":true}]}}