{"id":44,"date":"2015-10-23T14:42:29","date_gmt":"2015-10-23T14:42:29","guid":{"rendered":"http:\/\/tina.com.hr\/?page_id=44"},"modified":"2025-04-29T11:08:25","modified_gmt":"2025-04-29T11:08:25","slug":"vjezbe","status":"publish","type":"page","link":"https:\/\/tina.com.hr\/?page_id=44","title":{"rendered":"Vje\u017ebe"},"content":{"rendered":"<h5><span style=\"color: #000080;\"><strong>Kodiranje algoritama (slijed, grana i petlja)<\/strong><\/span><\/h5>\n<hr \/>\n<ul>\n<li><a href=\"http:\/\/tina.com.hr\/wp-content\/uploads\/2015\/10\/slijed.pdf\" target=\"_blank\" rel=\"noopener noreferrer\">vje\u017eba_1 (slijed)<\/a><\/li>\n<li><a href=\"http:\/\/tina.com.hr\/wp-content\/uploads\/2015\/10\/zadaci_za_vjezbu_2.pdf\" target=\"_blank\" rel=\"noopener noreferrer\">vje\u017eba_2 (grananje)<\/a><\/li>\n<li><a href=\"http:\/\/tina.com.hr\/wp-content\/uploads\/2015\/10\/for1.docx\" target=\"_blank\" rel=\"noopener noreferrer\">vje\u017eba_3 (petlja for)<\/a><\/li>\n<li><a href=\"http:\/\/tina.com.hr\/wp-content\/uploads\/2015\/11\/while.pdf\" target=\"_blank\" rel=\"noopener noreferrer\">vje\u017eba_4 (while)<\/a><\/li>\n<li><a href=\"http:\/\/tina.com.hr\/wp-content\/uploads\/2015\/11\/16-zadataka-za-while-naredbu-.pdf\" target=\"_blank\" rel=\"noopener noreferrer\">vje\u017eba_5 (while)<\/a><\/li>\n<li><a href=\"http:\/\/tina.com.hr\/wp-content\/uploads\/2015\/11\/vjezbe6r.pdf\" target=\"_blank\" rel=\"noopener noreferrer\">vje\u017eba_6 (funkcije)<\/a><\/li>\n<li><a href=\"http:\/\/tina.com.hr\/wp-content\/uploads\/2015\/11\/zadaci_za_vjezbu_4_nizovi.pdf\" target=\"_blank\" rel=\"noopener noreferrer\">vje\u017eba_7 (nizovi)<\/a><\/li>\n<\/ul>\n<hr \/>\n<h2>\u00a0<span style=\"color: #000080;\">B<\/span><strong><span style=\"color: #000080;\">aze podataka (vje\u017ebe i pripreme za ispit)<\/span><\/strong><\/h2>\n<hr \/>\n<ul>\n<li><a href=\"http:\/\/tina.com.hr\/wp-content\/uploads\/2015\/11\/vjezba_5ex.pdf\" target=\"_blank\" rel=\"noopener noreferrer\">vje\u017eba_1 (plo\u0161na baza)<\/a><\/li>\n<li><a href=\"http:\/\/tina.com.hr\/wp-content\/uploads\/2015\/11\/excel_polosna-baza.pdf\" target=\"_blank\" rel=\"noopener noreferrer\">vjezba_2 (plosna_baza)<\/a><\/li>\n<li><a href=\"http:\/\/tina.com.hr\/wp-content\/uploads\/2015\/11\/access_vjezba.pdf\" target=\"_blank\" rel=\"noopener noreferrer\">vje\u017eba_3 (relacijska baza)<\/a><\/li>\n<li><a href=\"http:\/\/tina.com.hr\/wp-content\/uploads\/2015\/11\/baza_1.rar\" target=\"_blank\" rel=\"noopener noreferrer\">vje\u017eba_4 (relacijska baza)<\/a><\/li>\n<li><span style=\"color: #ff0000;\"><span style=\"color: #333399;\"><a style=\"color: #333399;\" href=\"http:\/\/tina.com.hr\/wp-content\/uploads\/2015\/12\/vezba-2-obj.pdf\" target=\"_blank\" rel=\"noopener noreferrer\">Vje\u017eba_4 (relacijska baza-obja\u0161njenja nekih zadataka)<\/a><\/span><br \/><\/span><\/li>\n<li><a href=\"http:\/\/tina.com.hr\/wp-content\/uploads\/2025\/04\/ispit_2e.pdf\">Primjer ispita<\/a><\/li>\n<\/ul>\n<hr \/>\n\n\n<h4 class=\"wp-block-heading\"><strong>PRIPREMA ZA ISPIT: MATRICE I STRUKTURE<\/strong><\/h4>\n\n\n\n<ul>\n<li><a href=\"http:\/\/tina.com.hr\/wp-content\/uploads\/2019\/05\/Priprema-za-ispit-strukture-i-matrice.docx\">Matrice i strukture &#8211; zadaci<\/a><\/li>\n<\/ul>\n\n\n\n<h4 class=\"wp-block-heading\"><strong>PRIMJER ZADATAKA<\/strong> &#8211; <strong>POLJA<\/strong><\/h4>\n\n\n\n<ol>\n<li>Napisati program koji omogu\u0107ava unos 10 brojeva u polje i ispisuje najve\u0107i i najmanji me\u0111u njima.<\/li>\n\n\n\n<li>Napisati program koji omogu\u0107ava unos <strong>n<\/strong> brojeva u polje i ispisuje srednju vrijednost samo onih brojeva koji su manji od 10.<\/li>\n\n\n\n<li>U\u010ditati polje od 10 brojeva. Izra\u010dunati zbroj brojeva djeljivih s 3 ili s 5 te ispisati njihov broj.<\/li>\n\n\n\n<li>Napisati program koji unosi 10 realnih brojeva u polje <strong>A<\/strong> i 10 realnih brojeva u polje <strong>B<\/strong>, a zatim ispisuje sadr\u017eaj polja <strong>C<\/strong>, gdje je <strong>C = A \/ B<\/strong>.<\/li>\n\n\n\n<li>Unijeti 10 cijelih brojeva u polje i sortirati ih uzlazno (A-Z).<\/li>\n<\/ol>\n\n\n\n<hr class=\"wp-block-separator has-css-opacity\"\/>\n\n\n\n<h4 class=\"wp-block-heading\"><strong><br>PRIMJER ZADATAKA<\/strong> &#8211; PROGRAMSKE PETLJE<\/h4>\n\n\n\n<ol>\n<li>U\u010ditavati brojeve dok se ne unese <strong>0<\/strong>. Nakon toga ispisati koliko je brojeva uneseno i njihov zbroj. (<em>Koristiti petlju while.<\/em>)<\/li>\n\n\n\n<li>U\u010ditavati brojeve sve dok se unose <strong>parni brojevi<\/strong>. Izra\u010dunati aritmeti\u010dku sredinu brojeva koji su ve\u0107i od <strong>10<\/strong> i manji od <strong>20<\/strong>. (<em>Koristiti petlju while.<\/em>)<\/li>\n\n\n\n<li>Program u\u010ditava broj i provjerava da li je <strong>prost<\/strong>. Prost broj je onaj koji je djeljiv samo s <strong>1<\/strong> i samim sobom. (<em>Koristiti petlju for.<\/em>)<\/li>\n\n\n\n<li>Program ispisuje sve brojeve u rasponu <strong>1 do 100<\/strong> koji su djeljivi s <strong>3 i 7<\/strong>. (<em>Koristiti petlju for i petlju while.<\/em>)<\/li>\n\n\n\n<li>Program ispisuje tablicu mno\u017eenja do broja <strong>8<\/strong> koriste\u0107i dvije <strong>for<\/strong> petlje (<strong>i<\/strong> i <strong>j<\/strong>).<\/li>\n<\/ol>\n\n\n\n<h4 class=\"wp-block-heading\"><\/h4>\n","protected":false},"excerpt":{"rendered":"<p>Kodiranje algoritama (slijed, grana i petlja) vje\u017eba_1 (slijed) vje\u017eba_2 (grananje) vje\u017eba_3 (petlja for) vje\u017eba_4 (while) vje\u017eba_5 (while) vje\u017eba_6 (funkcije) vje\u017eba_7 (nizovi) \u00a0Baze podataka (vje\u017ebe i pripreme za ispit) vje\u017eba_1 (plo\u0161na baza) vjezba_2 (plosna_baza) vje\u017eba_3 (relacijska baza) vje\u017eba_4 (relacijska baza) Vje\u017eba_4 (relacijska baza-obja\u0161njenja nekih zadataka) Primjer ispita PRIPREMA ZA ISPIT: MATRICE I STRUKTURE PRIMJER ZADATAKA &#8211; [&hellip;]<\/p>\n","protected":false},"author":1,"featured_media":0,"parent":0,"menu_order":3,"comment_status":"closed","ping_status":"closed","template":"","meta":{"footnotes":""},"_links":{"self":[{"href":"https:\/\/tina.com.hr\/index.php?rest_route=\/wp\/v2\/pages\/44"}],"collection":[{"href":"https:\/\/tina.com.hr\/index.php?rest_route=\/wp\/v2\/pages"}],"about":[{"href":"https:\/\/tina.com.hr\/index.php?rest_route=\/wp\/v2\/types\/page"}],"author":[{"embeddable":true,"href":"https:\/\/tina.com.hr\/index.php?rest_route=\/wp\/v2\/users\/1"}],"replies":[{"embeddable":true,"href":"https:\/\/tina.com.hr\/index.php?rest_route=%2Fwp%2Fv2%2Fcomments&post=44"}],"version-history":[{"count":114,"href":"https:\/\/tina.com.hr\/index.php?rest_route=\/wp\/v2\/pages\/44\/revisions"}],"predecessor-version":[{"id":1242,"href":"https:\/\/tina.com.hr\/index.php?rest_route=\/wp\/v2\/pages\/44\/revisions\/1242"}],"wp:attachment":[{"href":"https:\/\/tina.com.hr\/index.php?rest_route=%2Fwp%2Fv2%2Fmedia&parent=44"}],"curies":[{"name":"wp","href":"https:\/\/api.w.org\/{rel}","templated":true}]}}